{"id":286,"date":"2015-07-20T09:13:12","date_gmt":"2015-07-20T09:13:12","guid":{"rendered":"http:\/\/demo.themegrill.com\/himalayas\/?page_id=7"},"modified":"2022-03-17T17:25:07","modified_gmt":"2022-03-17T17:25:07","slug":"ettevottest-2","status":"publish","type":"page","link":"https:\/\/maheko.eu\/en\/ettevottest-2\/","title":{"rendered":"Maheko O\u00dc"},"content":{"rendered":"<div>We have been in the pallet market since the year 2000. Our speciality is labelling pallets of special size mostly HT  to different Estonian manufacturing enterprises.<\/div>\n<div>&nbsp;<\/div>\n<div>Ettev\u00f5tte alguseks saame lugeda aastat 1997, kui alustasime ehitusliku saematerjali tootmisega Eesti turule ja peatselt ka eksporti.<\/div>\n<div>Maheko nime ja kaubam\u00e4rgi all oleme j\u00e4tkanud tegevust 2005. aastast alates.<\/div>\n<div>&nbsp;<\/div>\n<div>Maheko omab P\u00f5llumajandus ja Toiduameti poolt antud tunnustatud tootja kaubam\u00e4rki EE 3075 HT.<\/div>\n<div>Meie tootmine on pidevas arengus automatiseerimise suunas, et tagada aluste k\u00f5rge koostekvaliteet ja standartsus.<\/div>\n<div>Igale kliendile l\u00e4heneme individuaalselt tema vajadustest l\u00e4htuvalt, et tagada t\u00f5rgeteta tootmine.<\/div>\n\n\n<p><\/p>","protected":false},"excerpt":{"rendered":"<p>We have been in the pallet market since the year 2000. Our speciality is labelling pallets of special size mostly HT  to different Estonian manufacturing enterprises.<br \/>\n<\/br><br \/>\n<\/br><br \/>\nEttev\u00f5tte alguseks saame lugeda aastat 1997, kui alustasime ehitusliku saematerjali tootmisega Eesti turule ja peatselt ka eksporti.<br \/>\nMaheko nime ja kaubam\u00e4rgi all oleme j\u00e4tkanud tegevust 2005. aastast alates.<br \/>\n<\/br><br \/>\n<\/br><br \/>\nMaheko omab P\u00f5llumajandus ja Toiduameti poolt antud tunnustatud tootja kaubam\u00e4rki EE 3075 HT.<br \/>\nMeie tootmine on pidevas arengus automatiseerimise suunas, et tagada aluste k\u00f5rge koostekvaliteet ja standartsus.<br \/>\nIgale kliendile l\u00e4heneme individuaalselt tema vajadustest l\u00e4htuvalt, et tagada t\u00f5rgeteta tootmine. <\/p>","protected":false},"author":1,"featured_media":537,"parent":0,"menu_order":0,"comment_status":"closed","ping_status":"closed","template":"","meta":{"footnotes":""},"class_list":["post-286","page","type-page","status-publish","has-post-thumbnail","hentry"],"yoast_head":"<!-- This site is optimized with the Yoast SEO plugin v25.2 - https:\/\/yoast.com\/wordpress\/plugins\/seo\/ -->\n<title>Maheko O\u00dc - Maheko<\/title>\n<meta name=\"robots\" content=\"index, follow, max-snippet:-1, max-image-preview:large, max-video-preview:-1\" \/>\n<link rel=\"canonical\" href=\"https:\/\/maheko.eu\/en\/ettevottest-2\/\" \/>\n<meta property=\"og:locale\" content=\"en_US\" \/>\n<meta property=\"og:type\" content=\"article\" \/>\n<meta property=\"og:title\" content=\"Maheko O\u00dc - Maheko\" \/>\n<meta property=\"og:description\" content=\"Kaubaaluste turul oleme tegutsenud alates 2000.aastast. Meie spetsialiteediks on erim\u00f5\u00f5dulised valdavalt HT m\u00e4rgistust omavad kaubaalused mitmetele Eesti tootmisettev\u00f5tetele.  Ettev\u00f5tte alguseks saame lugeda aastat 1997, kui alustasime ehitusliku saematerjali tootmisega Eesti turule ja peatselt ka eksporti. Maheko nime ja kaubam\u00e4rgi all oleme j\u00e4tkanud tegevust 2005. aastast alates.  Maheko omab P\u00f5llumajandus ja Toiduameti poolt antud tunnustatud tootja kaubam\u00e4rki EE 3075 HT. Meie tootmine on pidevas arengus automatiseerimise suunas, et tagada aluste k\u00f5rge koostekvaliteet ja standartsus. Igale kliendile l\u00e4heneme individuaalselt tema vajadustest l\u00e4htuvalt, et tagada t\u00f5rgeteta tootmine.\" \/>\n<meta property=\"og:url\" content=\"https:\/\/maheko.eu\/en\/ettevottest-2\/\" \/>\n<meta property=\"og:site_name\" content=\"Maheko\" \/>\n<meta property=\"article:modified_time\" content=\"2022-03-17T17:25:07+00:00\" \/>\n<meta property=\"og:image\" content=\"https:\/\/maheko.eu\/wp-content\/uploads\/2022\/03\/about_maheko-1.png\" \/>\n\t<meta property=\"og:image:width\" content=\"766\" \/>\n\t<meta property=\"og:image:height\" content=\"710\" \/>\n\t<meta property=\"og:image:type\" content=\"image\/png\" \/>\n<meta name=\"twitter:card\" content=\"summary_large_image\" \/>\n<meta name=\"twitter:label1\" content=\"Est. reading time\" \/>\n\t<meta name=\"twitter:data1\" content=\"1 minute\" \/>\n<script type=\"application\/ld+json\" class=\"yoast-schema-graph\">{\"@context\":\"https:\/\/schema.org\",\"@graph\":[{\"@type\":\"WebPage\",\"@id\":\"https:\/\/maheko.eu\/ettevottest-2\/\",\"url\":\"https:\/\/maheko.eu\/ettevottest-2\/\",\"name\":\"Maheko O\u00dc - Maheko\",\"isPartOf\":{\"@id\":\"https:\/\/maheko.eu\/#website\"},\"primaryImageOfPage\":{\"@id\":\"https:\/\/maheko.eu\/ettevottest-2\/#primaryimage\"},\"image\":{\"@id\":\"https:\/\/maheko.eu\/ettevottest-2\/#primaryimage\"},\"thumbnailUrl\":\"https:\/\/maheko.eu\/wp-content\/uploads\/2022\/03\/about_maheko-1.png\",\"datePublished\":\"2015-07-20T09:13:12+00:00\",\"dateModified\":\"2022-03-17T17:25:07+00:00\",\"breadcrumb\":{\"@id\":\"https:\/\/maheko.eu\/ettevottest-2\/#breadcrumb\"},\"inLanguage\":\"en-US\",\"potentialAction\":[{\"@type\":\"ReadAction\",\"target\":[\"https:\/\/maheko.eu\/ettevottest-2\/\"]}]},{\"@type\":\"ImageObject\",\"inLanguage\":\"en-US\",\"@id\":\"https:\/\/maheko.eu\/ettevottest-2\/#primaryimage\",\"url\":\"https:\/\/maheko.eu\/wp-content\/uploads\/2022\/03\/about_maheko-1.png\",\"contentUrl\":\"https:\/\/maheko.eu\/wp-content\/uploads\/2022\/03\/about_maheko-1.png\",\"width\":766,\"height\":710,\"caption\":\"sertifitseeritud kaubaalused\"},{\"@type\":\"BreadcrumbList\",\"@id\":\"https:\/\/maheko.eu\/ettevottest-2\/#breadcrumb\",\"itemListElement\":[{\"@type\":\"ListItem\",\"position\":1,\"name\":\"Home\",\"item\":\"https:\/\/maheko.eu\/\"},{\"@type\":\"ListItem\",\"position\":2,\"name\":\"Maheko O\u00dc\"}]},{\"@type\":\"WebSite\",\"@id\":\"https:\/\/maheko.eu\/#website\",\"url\":\"https:\/\/maheko.eu\/\",\"name\":\"Maheko\",\"description\":\"\",\"publisher\":{\"@id\":\"https:\/\/maheko.eu\/#organization\"},\"potentialAction\":[{\"@type\":\"SearchAction\",\"target\":{\"@type\":\"EntryPoint\",\"urlTemplate\":\"https:\/\/maheko.eu\/?s={search_term_string}\"},\"query-input\":{\"@type\":\"PropertyValueSpecification\",\"valueRequired\":true,\"valueName\":\"search_term_string\"}}],\"inLanguage\":\"en-US\"},{\"@type\":\"Organization\",\"@id\":\"https:\/\/maheko.eu\/#organization\",\"name\":\"Maheko O\u00dc\",\"url\":\"https:\/\/maheko.eu\/\",\"logo\":{\"@type\":\"ImageObject\",\"inLanguage\":\"en-US\",\"@id\":\"https:\/\/maheko.eu\/#\/schema\/logo\/image\/\",\"url\":\"https:\/\/maheko.eu\/wp-content\/uploads\/2021\/10\/logo_home.png\",\"contentUrl\":\"https:\/\/maheko.eu\/wp-content\/uploads\/2021\/10\/logo_home.png\",\"width\":91,\"height\":31,\"caption\":\"Maheko O\u00dc\"},\"image\":{\"@id\":\"https:\/\/maheko.eu\/#\/schema\/logo\/image\/\"}}]}<\/script>\n<!-- \/ Yoast SEO plugin. -->","yoast_head_json":{"title":"Maheko O\u00dc - Maheko","robots":{"index":"index","follow":"follow","max-snippet":"max-snippet:-1","max-image-preview":"max-image-preview:large","max-video-preview":"max-video-preview:-1"},"canonical":"https:\/\/maheko.eu\/en\/ettevottest-2\/","og_locale":"en_US","og_type":"article","og_title":"Maheko O\u00dc - Maheko","og_description":"Kaubaaluste turul oleme tegutsenud alates 2000.aastast. Meie spetsialiteediks on erim\u00f5\u00f5dulised valdavalt HT m\u00e4rgistust omavad kaubaalused mitmetele Eesti tootmisettev\u00f5tetele.  Ettev\u00f5tte alguseks saame lugeda aastat 1997, kui alustasime ehitusliku saematerjali tootmisega Eesti turule ja peatselt ka eksporti. Maheko nime ja kaubam\u00e4rgi all oleme j\u00e4tkanud tegevust 2005. aastast alates.  Maheko omab P\u00f5llumajandus ja Toiduameti poolt antud tunnustatud tootja kaubam\u00e4rki EE 3075 HT. Meie tootmine on pidevas arengus automatiseerimise suunas, et tagada aluste k\u00f5rge koostekvaliteet ja standartsus. Igale kliendile l\u00e4heneme individuaalselt tema vajadustest l\u00e4htuvalt, et tagada t\u00f5rgeteta tootmine.","og_url":"https:\/\/maheko.eu\/en\/ettevottest-2\/","og_site_name":"Maheko","article_modified_time":"2022-03-17T17:25:07+00:00","og_image":[{"width":766,"height":710,"url":"https:\/\/maheko.eu\/wp-content\/uploads\/2022\/03\/about_maheko-1.png","type":"image\/png"}],"twitter_card":"summary_large_image","twitter_misc":{"Est. reading time":"1 minute"},"schema":{"@context":"https:\/\/schema.org","@graph":[{"@type":"WebPage","@id":"https:\/\/maheko.eu\/ettevottest-2\/","url":"https:\/\/maheko.eu\/ettevottest-2\/","name":"Maheko O\u00dc - Maheko","isPartOf":{"@id":"https:\/\/maheko.eu\/#website"},"primaryImageOfPage":{"@id":"https:\/\/maheko.eu\/ettevottest-2\/#primaryimage"},"image":{"@id":"https:\/\/maheko.eu\/ettevottest-2\/#primaryimage"},"thumbnailUrl":"https:\/\/maheko.eu\/wp-content\/uploads\/2022\/03\/about_maheko-1.png","datePublished":"2015-07-20T09:13:12+00:00","dateModified":"2022-03-17T17:25:07+00:00","breadcrumb":{"@id":"https:\/\/maheko.eu\/ettevottest-2\/#breadcrumb"},"inLanguage":"en-US","potentialAction":[{"@type":"ReadAction","target":["https:\/\/maheko.eu\/ettevottest-2\/"]}]},{"@type":"ImageObject","inLanguage":"en-US","@id":"https:\/\/maheko.eu\/ettevottest-2\/#primaryimage","url":"https:\/\/maheko.eu\/wp-content\/uploads\/2022\/03\/about_maheko-1.png","contentUrl":"https:\/\/maheko.eu\/wp-content\/uploads\/2022\/03\/about_maheko-1.png","width":766,"height":710,"caption":"sertifitseeritud kaubaalused"},{"@type":"BreadcrumbList","@id":"https:\/\/maheko.eu\/ettevottest-2\/#breadcrumb","itemListElement":[{"@type":"ListItem","position":1,"name":"Home","item":"https:\/\/maheko.eu\/"},{"@type":"ListItem","position":2,"name":"Maheko O\u00dc"}]},{"@type":"WebSite","@id":"https:\/\/maheko.eu\/#website","url":"https:\/\/maheko.eu\/","name":"Maheko","description":"","publisher":{"@id":"https:\/\/maheko.eu\/#organization"},"potentialAction":[{"@type":"SearchAction","target":{"@type":"EntryPoint","urlTemplate":"https:\/\/maheko.eu\/?s={search_term_string}"},"query-input":{"@type":"PropertyValueSpecification","valueRequired":true,"valueName":"search_term_string"}}],"inLanguage":"en-US"},{"@type":"Organization","@id":"https:\/\/maheko.eu\/#organization","name":"Maheko O\u00dc","url":"https:\/\/maheko.eu\/","logo":{"@type":"ImageObject","inLanguage":"en-US","@id":"https:\/\/maheko.eu\/#\/schema\/logo\/image\/","url":"https:\/\/maheko.eu\/wp-content\/uploads\/2021\/10\/logo_home.png","contentUrl":"https:\/\/maheko.eu\/wp-content\/uploads\/2021\/10\/logo_home.png","width":91,"height":31,"caption":"Maheko O\u00dc"},"image":{"@id":"https:\/\/maheko.eu\/#\/schema\/logo\/image\/"}}]}},"_links":{"self":[{"href":"https:\/\/maheko.eu\/en\/wp-json\/wp\/v2\/pages\/286","targetHints":{"allow":["GET"]}}],"collection":[{"href":"https:\/\/maheko.eu\/en\/wp-json\/wp\/v2\/pages"}],"about":[{"href":"https:\/\/maheko.eu\/en\/wp-json\/wp\/v2\/types\/page"}],"author":[{"embeddable":true,"href":"https:\/\/maheko.eu\/en\/wp-json\/wp\/v2\/users\/1"}],"replies":[{"embeddable":true,"href":"https:\/\/maheko.eu\/en\/wp-json\/wp\/v2\/comments?post=286"}],"version-history":[{"count":11,"href":"https:\/\/maheko.eu\/en\/wp-json\/wp\/v2\/pages\/286\/revisions"}],"predecessor-version":[{"id":538,"href":"https:\/\/maheko.eu\/en\/wp-json\/wp\/v2\/pages\/286\/revisions\/538"}],"wp:featuredmedia":[{"embeddable":true,"href":"https:\/\/maheko.eu\/en\/wp-json\/wp\/v2\/media\/537"}],"wp:attachment":[{"href":"https:\/\/maheko.eu\/en\/wp-json\/wp\/v2\/media?parent=286"}],"curies":[{"name":"wp","href":"https:\/\/api.w.org\/{rel}","templated":true}]}}