{"id":45,"date":"2015-07-20T10:39:01","date_gmt":"2015-07-20T10:39:01","guid":{"rendered":"http:\/\/demo.themegrill.com\/himalayas\/?page_id=45"},"modified":"2022-04-01T17:24:46","modified_gmt":"2022-04-01T17:24:46","slug":"contact-us-now","status":"publish","type":"page","link":"https:\/\/maheko.eu\/en\/contact-us-now\/","title":{"rendered":"Maheko O\u00dc"},"content":{"rendered":"<div class=\"contact-detail-wrap\">\n<div class=\"detail-block\">\n<div class=\"detail-title\"><i class=\"fa fa-map-marker\" style=\"font-size: 18px;\"><\/i> Address<\/div>\n<p><span class=\"detail-text\"> <a href=\"https:\/\/www.google.com\/maps\/place\/Maheko+O%C3%9C\/@57.7224751,26.8090296,15z\/data=!4m5!3m4!1s0x0:0xa25f2767647e5b16!8m2!3d57.7224751!4d26.8090023\" target=\"_blank\" rel=\"noopener\">M\u00e4e, Kaugu, 66231 V\u00f5ru maakond<\/a><\/span><\/p>\n<\/div>\n<div class=\"detail-block\">\n<div class=\"detail-title\"><i class=\"fa fa-phone\"> <\/i> Phone<\/div>\n<p><span class=\"detail-text\"><a href=\"tel:+37256640660\"> +372 528 6494<\/a><\/span><\/p>\n<\/div>\n<div class=\"detail-block\">\n<div class=\"detail-title\"><i class=\"fa fa-envelope\"> <\/i> E-mail<\/div>\n<p><span class=\"detail-text\"> <a href=\"mailto:info@maheko.eu\">info@maheko.eu<\/a><\/span><\/p>\n<\/div>\n<\/div>\n\n\n<p style=\"font-size:16px\">Selleks, et saaksime teha Teile v\u00f5imalikult kiiresti hinnapakkumine, palume kirja panna soovitud kaubaaluste m\u00f5\u00f5dud ja kandev\u00f5ime v\u00f5i kirjeldage, mida pakendate. Samuti lisage juurde kogus ning millega ja kuhu saadetakse pakendid ringlusesse (tavaauto v\u00f5i merekonteiner).<\/p>","protected":false},"excerpt":{"rendered":"<p>Aadress M\u00e4e, Kaugu, 66231 V\u00f5ru maakond Telefon +372 528 6494 Email info@maheko.eu Selleks, et saaksime teha Teile v\u00f5imalikult kiiresti hinnapakkumine, palume kirja panna soovitud kaubaaluste<\/p>","protected":false},"author":1,"featured_media":0,"parent":0,"menu_order":0,"comment_status":"closed","ping_status":"closed","template":"","meta":{"footnotes":""},"class_list":["post-45","page","type-page","status-publish","hentry"],"yoast_head":"<!-- This site is optimized with the Yoast SEO plugin v25.2 - https:\/\/yoast.com\/wordpress\/plugins\/seo\/ -->\n<title>Maheko O\u00dc - Maheko<\/title>\n<meta name=\"robots\" content=\"index, follow, max-snippet:-1, max-image-preview:large, max-video-preview:-1\" \/>\n<link rel=\"canonical\" href=\"https:\/\/maheko.eu\/en\/contact-us-now\/\" \/>\n<meta property=\"og:locale\" content=\"en_US\" \/>\n<meta property=\"og:type\" content=\"article\" \/>\n<meta property=\"og:title\" content=\"Maheko O\u00dc - Maheko\" \/>\n<meta property=\"og:description\" content=\"Aadress M\u00e4e, Kaugu, 66231 V\u00f5ru maakond Telefon +372 528 6494 Email info@maheko.eu Selleks, et saaksime teha Teile v\u00f5imalikult kiiresti hinnapakkumine, palume kirja panna soovitud kaubaaluste\" \/>\n<meta property=\"og:url\" content=\"https:\/\/maheko.eu\/en\/contact-us-now\/\" \/>\n<meta property=\"og:site_name\" content=\"Maheko\" \/>\n<meta property=\"article:modified_time\" content=\"2022-04-01T17:24:46+00:00\" \/>\n<meta name=\"twitter:card\" content=\"summary_large_image\" \/>\n<meta name=\"twitter:label1\" content=\"Est. reading time\" \/>\n\t<meta name=\"twitter:data1\" content=\"1 minute\" \/>\n<script type=\"application\/ld+json\" class=\"yoast-schema-graph\">{\"@context\":\"https:\/\/schema.org\",\"@graph\":[{\"@type\":\"WebPage\",\"@id\":\"https:\/\/maheko.eu\/en\/contact-us-now\/\",\"url\":\"https:\/\/maheko.eu\/en\/contact-us-now\/\",\"name\":\"Maheko O\u00dc - Maheko\",\"isPartOf\":{\"@id\":\"https:\/\/maheko.eu\/#website\"},\"datePublished\":\"2015-07-20T10:39:01+00:00\",\"dateModified\":\"2022-04-01T17:24:46+00:00\",\"breadcrumb\":{\"@id\":\"https:\/\/maheko.eu\/en\/contact-us-now\/#breadcrumb\"},\"inLanguage\":\"en-US\",\"potentialAction\":[{\"@type\":\"ReadAction\",\"target\":[\"https:\/\/maheko.eu\/en\/contact-us-now\/\"]}]},{\"@type\":\"BreadcrumbList\",\"@id\":\"https:\/\/maheko.eu\/en\/contact-us-now\/#breadcrumb\",\"itemListElement\":[{\"@type\":\"ListItem\",\"position\":1,\"name\":\"Home\",\"item\":\"https:\/\/maheko.eu\/\"},{\"@type\":\"ListItem\",\"position\":2,\"name\":\"Maheko O\u00dc\"}]},{\"@type\":\"WebSite\",\"@id\":\"https:\/\/maheko.eu\/#website\",\"url\":\"https:\/\/maheko.eu\/\",\"name\":\"Maheko\",\"description\":\"\",\"publisher\":{\"@id\":\"https:\/\/maheko.eu\/#organization\"},\"potentialAction\":[{\"@type\":\"SearchAction\",\"target\":{\"@type\":\"EntryPoint\",\"urlTemplate\":\"https:\/\/maheko.eu\/?s={search_term_string}\"},\"query-input\":{\"@type\":\"PropertyValueSpecification\",\"valueRequired\":true,\"valueName\":\"search_term_string\"}}],\"inLanguage\":\"en-US\"},{\"@type\":\"Organization\",\"@id\":\"https:\/\/maheko.eu\/#organization\",\"name\":\"Maheko O\u00dc\",\"url\":\"https:\/\/maheko.eu\/\",\"logo\":{\"@type\":\"ImageObject\",\"inLanguage\":\"en-US\",\"@id\":\"https:\/\/maheko.eu\/#\/schema\/logo\/image\/\",\"url\":\"https:\/\/maheko.eu\/wp-content\/uploads\/2021\/10\/logo_home.png\",\"contentUrl\":\"https:\/\/maheko.eu\/wp-content\/uploads\/2021\/10\/logo_home.png\",\"width\":91,\"height\":31,\"caption\":\"Maheko O\u00dc\"},\"image\":{\"@id\":\"https:\/\/maheko.eu\/#\/schema\/logo\/image\/\"}}]}<\/script>\n<!-- \/ Yoast SEO plugin. -->","yoast_head_json":{"title":"Maheko O\u00dc - Maheko","robots":{"index":"index","follow":"follow","max-snippet":"max-snippet:-1","max-image-preview":"max-image-preview:large","max-video-preview":"max-video-preview:-1"},"canonical":"https:\/\/maheko.eu\/en\/contact-us-now\/","og_locale":"en_US","og_type":"article","og_title":"Maheko O\u00dc - Maheko","og_description":"Aadress M\u00e4e, Kaugu, 66231 V\u00f5ru maakond Telefon +372 528 6494 Email info@maheko.eu Selleks, et saaksime teha Teile v\u00f5imalikult kiiresti hinnapakkumine, palume kirja panna soovitud kaubaaluste","og_url":"https:\/\/maheko.eu\/en\/contact-us-now\/","og_site_name":"Maheko","article_modified_time":"2022-04-01T17:24:46+00:00","twitter_card":"summary_large_image","twitter_misc":{"Est. reading time":"1 minute"},"schema":{"@context":"https:\/\/schema.org","@graph":[{"@type":"WebPage","@id":"https:\/\/maheko.eu\/en\/contact-us-now\/","url":"https:\/\/maheko.eu\/en\/contact-us-now\/","name":"Maheko O\u00dc - Maheko","isPartOf":{"@id":"https:\/\/maheko.eu\/#website"},"datePublished":"2015-07-20T10:39:01+00:00","dateModified":"2022-04-01T17:24:46+00:00","breadcrumb":{"@id":"https:\/\/maheko.eu\/en\/contact-us-now\/#breadcrumb"},"inLanguage":"en-US","potentialAction":[{"@type":"ReadAction","target":["https:\/\/maheko.eu\/en\/contact-us-now\/"]}]},{"@type":"BreadcrumbList","@id":"https:\/\/maheko.eu\/en\/contact-us-now\/#breadcrumb","itemListElement":[{"@type":"ListItem","position":1,"name":"Home","item":"https:\/\/maheko.eu\/"},{"@type":"ListItem","position":2,"name":"Maheko O\u00dc"}]},{"@type":"WebSite","@id":"https:\/\/maheko.eu\/#website","url":"https:\/\/maheko.eu\/","name":"Maheko","description":"","publisher":{"@id":"https:\/\/maheko.eu\/#organization"},"potentialAction":[{"@type":"SearchAction","target":{"@type":"EntryPoint","urlTemplate":"https:\/\/maheko.eu\/?s={search_term_string}"},"query-input":{"@type":"PropertyValueSpecification","valueRequired":true,"valueName":"search_term_string"}}],"inLanguage":"en-US"},{"@type":"Organization","@id":"https:\/\/maheko.eu\/#organization","name":"Maheko O\u00dc","url":"https:\/\/maheko.eu\/","logo":{"@type":"ImageObject","inLanguage":"en-US","@id":"https:\/\/maheko.eu\/#\/schema\/logo\/image\/","url":"https:\/\/maheko.eu\/wp-content\/uploads\/2021\/10\/logo_home.png","contentUrl":"https:\/\/maheko.eu\/wp-content\/uploads\/2021\/10\/logo_home.png","width":91,"height":31,"caption":"Maheko O\u00dc"},"image":{"@id":"https:\/\/maheko.eu\/#\/schema\/logo\/image\/"}}]}},"_links":{"self":[{"href":"https:\/\/maheko.eu\/en\/wp-json\/wp\/v2\/pages\/45","targetHints":{"allow":["GET"]}}],"collection":[{"href":"https:\/\/maheko.eu\/en\/wp-json\/wp\/v2\/pages"}],"about":[{"href":"https:\/\/maheko.eu\/en\/wp-json\/wp\/v2\/types\/page"}],"author":[{"embeddable":true,"href":"https:\/\/maheko.eu\/en\/wp-json\/wp\/v2\/users\/1"}],"replies":[{"embeddable":true,"href":"https:\/\/maheko.eu\/en\/wp-json\/wp\/v2\/comments?post=45"}],"version-history":[{"count":15,"href":"https:\/\/maheko.eu\/en\/wp-json\/wp\/v2\/pages\/45\/revisions"}],"predecessor-version":[{"id":575,"href":"https:\/\/maheko.eu\/en\/wp-json\/wp\/v2\/pages\/45\/revisions\/575"}],"wp:attachment":[{"href":"https:\/\/maheko.eu\/en\/wp-json\/wp\/v2\/media?parent=45"}],"curies":[{"name":"wp","href":"https:\/\/api.w.org\/{rel}","templated":true}]}}