{"id":53,"date":"2015-07-20T10:49:58","date_gmt":"2015-07-20T10:49:58","guid":{"rendered":"http:\/\/demo.themegrill.com\/himalayas\/?page_id=53"},"modified":"2022-04-05T18:12:46","modified_gmt":"2022-04-05T18:12:46","slug":"kaubaalused","status":"publish","type":"page","link":"https:\/\/maheko.eu\/en\/kaubaalused\/","title":{"rendered":"Pallets"},"content":{"rendered":"<div class=\"wp-block-columns alignfull is-layout-flex wp-container-core-columns-is-layout-9d6595d7 wp-block-columns-is-layout-flex\">\n<div class=\"wp-block-column is-layout-flow wp-block-column-is-layout-flow\" style=\"flex-basis:66.66%\"><\/div>\n<\/div>\n\n\n\n<p style=\"font-size:16px\">Maheko peasuund on erim\u00f5\u00f5duliste HT, kui ka tava kaubaaluste tootmine erinevatele automaatsetele pakkeliinidele. Praegune tootevalik algab nn. v\u00e4ikepakialustest m\u00f5\u00f5duga 57&#215;70 cm l\u00f5petades eriotstarbeliste 180&#215;480 cm seadmealustega. Kaasaegne automaatne tootmisliin v\u00f5imaldab naelutada aluseid m\u00f5\u00f5duga 150&#215;150 cm k\u00f5ikv\u00f5imalikes konfiguratsioonides.<\/p>\n\n\n\n<p style=\"font-size:16px\">Kuumt\u00f6\u00f6deldud kaubaaluste valmistamiseks kasutame 12% niiskusesisalduseni kuivatatud okaspuumaterjali, millest tulenevalt on meie alused kaalult umbes 50% kergemad ja ei kuiva j\u00e4rgi vaid kuumutust l\u00e4binud alustest. Materjalide vallas teeme koost\u00f6\u00f6d AS Toftan, As Barrus ja Baltic Block Ltd. <\/p>\n\n\n\n<p style=\"font-size:16px\">Maheko toodetud vastavusm\u00e4rgiga EE 3075 HT m\u00e4rgistatud kaubaalused ringlevad Eesti tootjate pakendatud kaubaga \u00fcle maailma.<\/p>\n\n\n\n<p style=\"font-size:16px\">EE 3075 HT t\u00e4histus n\u00e4itab ,et kaubaalused on valmistatud vastavalt IPPC normatiividele ja on k\u00f5lbulikud kaupade veoks v\u00e4ljapoole EU piire. Termilise t\u00f6\u00f6tlemise tulemusena on kaubaaluste valmistamiseks kasutatavad materjalid taimehaiguste ja -kahjuritevabad. See v\u00e4listab v\u00f5imalusi taimekahjurite ja haiguste leviks kaubaaluste kaudu.<\/p>","protected":false},"excerpt":{"rendered":"<p>The   main trend of  MAHEKO is  manufactoring  special size HT pallets and  normal size pallets to different automatic production  lines.<\/p>","protected":false},"author":1,"featured_media":0,"parent":0,"menu_order":0,"comment_status":"closed","ping_status":"closed","template":"page-templates\/template-services.php","meta":{"footnotes":""},"class_list":["post-53","page","type-page","status-publish","hentry"],"yoast_head":"<!-- This site is optimized with the Yoast SEO plugin v25.2 - https:\/\/yoast.com\/wordpress\/plugins\/seo\/ -->\n<title>Kaubaalused - Maheko<\/title>\n<meta name=\"robots\" content=\"index, follow, max-snippet:-1, max-image-preview:large, max-video-preview:-1\" \/>\n<link rel=\"canonical\" href=\"https:\/\/maheko.eu\/en\/kaubaalused\/\" \/>\n<meta property=\"og:locale\" content=\"en_US\" \/>\n<meta property=\"og:type\" content=\"article\" \/>\n<meta property=\"og:title\" content=\"Kaubaalused - Maheko\" \/>\n<meta property=\"og:description\" content=\"Maheko peasuund on erim\u00f5\u00f5duliste HT, kui ka tava kaubaaluste tootmine erinevatele automaatsetele pakkeliinidele...\" \/>\n<meta property=\"og:url\" content=\"https:\/\/maheko.eu\/en\/kaubaalused\/\" \/>\n<meta property=\"og:site_name\" content=\"Maheko\" \/>\n<meta property=\"article:modified_time\" content=\"2022-04-05T18:12:46+00:00\" \/>\n<meta name=\"twitter:card\" content=\"summary_large_image\" \/>\n<meta name=\"twitter:label1\" content=\"Est. reading time\" \/>\n\t<meta name=\"twitter:data1\" content=\"1 minute\" \/>\n<script type=\"application\/ld+json\" class=\"yoast-schema-graph\">{\"@context\":\"https:\/\/schema.org\",\"@graph\":[{\"@type\":\"WebPage\",\"@id\":\"https:\/\/maheko.eu\/kaubaalused\/\",\"url\":\"https:\/\/maheko.eu\/kaubaalused\/\",\"name\":\"Kaubaalused - Maheko\",\"isPartOf\":{\"@id\":\"https:\/\/maheko.eu\/#website\"},\"datePublished\":\"2015-07-20T10:49:58+00:00\",\"dateModified\":\"2022-04-05T18:12:46+00:00\",\"breadcrumb\":{\"@id\":\"https:\/\/maheko.eu\/kaubaalused\/#breadcrumb\"},\"inLanguage\":\"en-US\",\"potentialAction\":[{\"@type\":\"ReadAction\",\"target\":[\"https:\/\/maheko.eu\/kaubaalused\/\"]}]},{\"@type\":\"BreadcrumbList\",\"@id\":\"https:\/\/maheko.eu\/kaubaalused\/#breadcrumb\",\"itemListElement\":[{\"@type\":\"ListItem\",\"position\":1,\"name\":\"Home\",\"item\":\"https:\/\/maheko.eu\/\"},{\"@type\":\"ListItem\",\"position\":2,\"name\":\"Kaubaalused\"}]},{\"@type\":\"WebSite\",\"@id\":\"https:\/\/maheko.eu\/#website\",\"url\":\"https:\/\/maheko.eu\/\",\"name\":\"Maheko\",\"description\":\"\",\"publisher\":{\"@id\":\"https:\/\/maheko.eu\/#organization\"},\"potentialAction\":[{\"@type\":\"SearchAction\",\"target\":{\"@type\":\"EntryPoint\",\"urlTemplate\":\"https:\/\/maheko.eu\/?s={search_term_string}\"},\"query-input\":{\"@type\":\"PropertyValueSpecification\",\"valueRequired\":true,\"valueName\":\"search_term_string\"}}],\"inLanguage\":\"en-US\"},{\"@type\":\"Organization\",\"@id\":\"https:\/\/maheko.eu\/#organization\",\"name\":\"Maheko O\u00dc\",\"url\":\"https:\/\/maheko.eu\/\",\"logo\":{\"@type\":\"ImageObject\",\"inLanguage\":\"en-US\",\"@id\":\"https:\/\/maheko.eu\/#\/schema\/logo\/image\/\",\"url\":\"https:\/\/maheko.eu\/wp-content\/uploads\/2021\/10\/logo_home.png\",\"contentUrl\":\"https:\/\/maheko.eu\/wp-content\/uploads\/2021\/10\/logo_home.png\",\"width\":91,\"height\":31,\"caption\":\"Maheko O\u00dc\"},\"image\":{\"@id\":\"https:\/\/maheko.eu\/#\/schema\/logo\/image\/\"}}]}<\/script>\n<!-- \/ Yoast SEO plugin. -->","yoast_head_json":{"title":"Kaubaalused - Maheko","robots":{"index":"index","follow":"follow","max-snippet":"max-snippet:-1","max-image-preview":"max-image-preview:large","max-video-preview":"max-video-preview:-1"},"canonical":"https:\/\/maheko.eu\/en\/kaubaalused\/","og_locale":"en_US","og_type":"article","og_title":"Kaubaalused - Maheko","og_description":"Maheko peasuund on erim\u00f5\u00f5duliste HT, kui ka tava kaubaaluste tootmine erinevatele automaatsetele pakkeliinidele...","og_url":"https:\/\/maheko.eu\/en\/kaubaalused\/","og_site_name":"Maheko","article_modified_time":"2022-04-05T18:12:46+00:00","twitter_card":"summary_large_image","twitter_misc":{"Est. reading time":"1 minute"},"schema":{"@context":"https:\/\/schema.org","@graph":[{"@type":"WebPage","@id":"https:\/\/maheko.eu\/kaubaalused\/","url":"https:\/\/maheko.eu\/kaubaalused\/","name":"Kaubaalused - Maheko","isPartOf":{"@id":"https:\/\/maheko.eu\/#website"},"datePublished":"2015-07-20T10:49:58+00:00","dateModified":"2022-04-05T18:12:46+00:00","breadcrumb":{"@id":"https:\/\/maheko.eu\/kaubaalused\/#breadcrumb"},"inLanguage":"en-US","potentialAction":[{"@type":"ReadAction","target":["https:\/\/maheko.eu\/kaubaalused\/"]}]},{"@type":"BreadcrumbList","@id":"https:\/\/maheko.eu\/kaubaalused\/#breadcrumb","itemListElement":[{"@type":"ListItem","position":1,"name":"Home","item":"https:\/\/maheko.eu\/"},{"@type":"ListItem","position":2,"name":"Kaubaalused"}]},{"@type":"WebSite","@id":"https:\/\/maheko.eu\/#website","url":"https:\/\/maheko.eu\/","name":"Maheko","description":"","publisher":{"@id":"https:\/\/maheko.eu\/#organization"},"potentialAction":[{"@type":"SearchAction","target":{"@type":"EntryPoint","urlTemplate":"https:\/\/maheko.eu\/?s={search_term_string}"},"query-input":{"@type":"PropertyValueSpecification","valueRequired":true,"valueName":"search_term_string"}}],"inLanguage":"en-US"},{"@type":"Organization","@id":"https:\/\/maheko.eu\/#organization","name":"Maheko O\u00dc","url":"https:\/\/maheko.eu\/","logo":{"@type":"ImageObject","inLanguage":"en-US","@id":"https:\/\/maheko.eu\/#\/schema\/logo\/image\/","url":"https:\/\/maheko.eu\/wp-content\/uploads\/2021\/10\/logo_home.png","contentUrl":"https:\/\/maheko.eu\/wp-content\/uploads\/2021\/10\/logo_home.png","width":91,"height":31,"caption":"Maheko O\u00dc"},"image":{"@id":"https:\/\/maheko.eu\/#\/schema\/logo\/image\/"}}]}},"_links":{"self":[{"href":"https:\/\/maheko.eu\/en\/wp-json\/wp\/v2\/pages\/53","targetHints":{"allow":["GET"]}}],"collection":[{"href":"https:\/\/maheko.eu\/en\/wp-json\/wp\/v2\/pages"}],"about":[{"href":"https:\/\/maheko.eu\/en\/wp-json\/wp\/v2\/types\/page"}],"author":[{"embeddable":true,"href":"https:\/\/maheko.eu\/en\/wp-json\/wp\/v2\/users\/1"}],"replies":[{"embeddable":true,"href":"https:\/\/maheko.eu\/en\/wp-json\/wp\/v2\/comments?post=53"}],"version-history":[{"count":16,"href":"https:\/\/maheko.eu\/en\/wp-json\/wp\/v2\/pages\/53\/revisions"}],"predecessor-version":[{"id":595,"href":"https:\/\/maheko.eu\/en\/wp-json\/wp\/v2\/pages\/53\/revisions\/595"}],"wp:attachment":[{"href":"https:\/\/maheko.eu\/en\/wp-json\/wp\/v2\/media?parent=53"}],"curies":[{"name":"wp","href":"https:\/\/api.w.org\/{rel}","templated":true}]}}